{"id":1389,"date":"2020-01-11T18:52:43","date_gmt":"2020-01-11T17:52:43","guid":{"rendered":"https:\/\/www.mountain-apart.at\/?page_id=1389"},"modified":"2025-10-09T15:19:46","modified_gmt":"2025-10-09T13:19:46","slug":"accommodations","status":"publish","type":"page","link":"https:\/\/www.mountain-apart.at\/en\/accommodations\/","title":{"rendered":"Accommodations"},"content":{"rendered":"\t\t<div data-elementor-type=\"wp-page\" data-elementor-id=\"1389\" class=\"elementor elementor-1389 elementor-83\" data-elementor-post-type=\"page\">\n\t\t\t\t\t\t<div class=\"elementor-section elementor-top-section elementor-element elementor-element-7be6e963 elementor-section-boxed elementor-section-height-default elementor-section-height-default\" data-id=\"7be6e963\" data-element_type=\"section\" data-e-type=\"section\">\n\t\t\t\t\t\t<div class=\"elementor-container elementor-column-gap-default\">\n\t\t\t\t\t<div class=\"elementor-column elementor-col-100 elementor-top-column elementor-element elementor-element-4daf77c6\" data-id=\"4daf77c6\" data-element_type=\"column\" data-e-type=\"column\">\n\t\t\t<div class=\"elementor-widget-wrap elementor-element-populated\">\n\t\t\t\t\t\t<div class=\"elementor-element elementor-element-7950e33 elementor-widget elementor-widget-heading\" data-id=\"7950e33\" data-element_type=\"widget\" data-e-type=\"widget\" data-widget_type=\"heading.default\">\n\t\t\t\t<div class=\"elementor-widget-container\">\n\t\t\t\t\t<h1 class=\"elementor-heading-title elementor-size-default\">Holidays in your own apartment on the Hochk\u00f6nig<\/h1>\t\t\t\t<\/div>\n\t\t\t\t<\/div>\n\t\t\t\t<div class=\"elementor-element elementor-element-50a84ef1 elementor-widget elementor-widget-heading\" data-id=\"50a84ef1\" data-element_type=\"widget\" data-e-type=\"widget\" data-widget_type=\"heading.default\">\n\t\t\t\t<div class=\"elementor-widget-container\">\n\t\t\t\t\t<h2 class=\"elementor-heading-title elementor-size-default\"> in your own apartment on the Hochk\u00f6nig Our apartments at a glance<\/h2>\t\t\t\t<\/div>\n\t\t\t\t<\/div>\n\t\t\t\t<div class=\"elementor-element elementor-element-cc38a16 elementor-widget elementor-widget-text-editor\" data-id=\"cc38a16\" data-element_type=\"widget\" data-e-type=\"widget\" data-widget_type=\"text-editor.default\">\n\t\t\t\t<div class=\"elementor-widget-container\">\n\t\t\t\t\t\t\t\t\t<p>Wake up in the morning, let the first rays of the sun tickle the tip of your nose and start the new day full of energy \u2013 a holiday in an apartment on the Hochk\u00f6nig makes it a reality. Staying at Mountain Apart Hochk\u00f6nig, you choose from eight different holiday homes in Hinterthal \/ Maria Alm with plenty of space, exclusive facilities and an ideal, sunny terrace or garden location. Secure your very own bit of luxury!<\/p>\n\t\t\t\t\t\t\t\t<\/div>\n\t\t\t\t<\/div>\n\t\t\t\t<div class=\"elementor-element elementor-element-2e45135b elementor-widget-divider--view-line elementor-widget elementor-widget-divider\" data-id=\"2e45135b\" data-element_type=\"widget\" data-e-type=\"widget\" data-widget_type=\"divider.default\">\n\t\t\t\t<div class=\"elementor-widget-container\">\n\t\t\t\t\t\t\t<div class=\"elementor-divider\">\n\t\t\t<span class=\"elementor-divider-separator\">\n\t\t\t\t\t\t<\/span>\n\t\t<\/div>\n\t\t\t\t\t\t<\/div>\n\t\t\t\t<\/div>\n\t\t\t\t<div class=\"elementor-element elementor-element-4d00dc2d elementor-widget elementor-widget-heading\" data-id=\"4d00dc2d\" data-element_type=\"widget\" data-e-type=\"widget\" data-widget_type=\"heading.default\">\n\t\t\t\t<div class=\"elementor-widget-container\">\n\t\t\t\t\t<h3 class=\"elementor-heading-title elementor-size-default\">Choose your favourite accommodation<\/h3>\t\t\t\t<\/div>\n\t\t\t\t<\/div>\n\t\t\t\t<div class=\"elementor-element elementor-element-534a0e9 elementor-widget elementor-widget-text-editor\" data-id=\"534a0e9\" data-element_type=\"widget\" data-e-type=\"widget\" data-widget_type=\"text-editor.default\">\n\t\t\t\t<div class=\"elementor-widget-container\">\n\t\t\t\t\t\t\t\t\t<p>Besides our\u00a0<a href=\"https:\/\/www.mountain-apart.at\/holiday-apartment\/?lang=en\">holiday apartment Simonhof\u00a0<\/a>in Hinterthal \/ Maria Alm, there are another eight holiday apartments on the Hochk\u00f6nig with living space from 60 to 210 m\u00b2 for up to five or ten persons. This bit of extra space goes hand in hand with elevated standards of comfort and cleanliness. Look forward to exclusivity, a central location in proximity of the ski lift and numerous additional options (from bread roll service to fridge stocking) for the little holiday plus.<\/p>\n<p>Which chalet in Hinterthal are you interested in? We\u2019ll gladly accept your\u00a0<a href=\"https:\/\/www.mountain-apart.at\/contact\/?lang=en\">non-binding holiday enquiry.<\/a><\/p>\n\t\t\t\t\t\t\t\t<\/div>\n\t\t\t\t<\/div>\n\t\t\t\t<div class=\"elementor-element elementor-element-3ad5a5db elementor-widget-divider--view-line elementor-widget elementor-widget-divider\" data-id=\"3ad5a5db\" data-element_type=\"widget\" data-e-type=\"widget\" data-widget_type=\"divider.default\">\n\t\t\t\t<div class=\"elementor-widget-container\">\n\t\t\t\t\t\t\t<div class=\"elementor-divider\">\n\t\t\t<span class=\"elementor-divider-separator\">\n\t\t\t\t\t\t<\/span>\n\t\t<\/div>\n\t\t\t\t\t\t<\/div>\n\t\t\t\t<\/div>\n\t\t\t\t<div class=\"elementor-element elementor-element-7e2a9d7 elementor-grid-tablet-1 elementor-posts--align-left elementor-grid-3 elementor-grid-mobile-1 elementor-posts--thumbnail-top elementor-widget elementor-widget-posts\" data-id=\"7e2a9d7\" data-element_type=\"widget\" data-e-type=\"widget\" id=\"apartementoverview\" data-settings=\"{&quot;classic_columns_tablet&quot;:&quot;1&quot;,&quot;classic_row_gap&quot;:{&quot;unit&quot;:&quot;px&quot;,&quot;size&quot;:50,&quot;sizes&quot;:[]},&quot;classic_columns&quot;:&quot;3&quot;,&quot;classic_columns_mobile&quot;:&quot;1&quot;,&quot;classic_row_gap_tablet&quot;:{&quot;unit&quot;:&quot;px&quot;,&quot;size&quot;:&quot;&quot;,&quot;sizes&quot;:[]},&quot;classic_row_gap_mobile&quot;:{&quot;unit&quot;:&quot;px&quot;,&quot;size&quot;:&quot;&quot;,&quot;sizes&quot;:[]}}\" data-widget_type=\"posts.classic\">\n\t\t\t\t<div class=\"elementor-widget-container\">\n\t\t\t\t\t\t\t<div class=\"elementor-posts-container elementor-posts elementor-posts--skin-classic elementor-grid\" role=\"list\">\n\t\t\t\t<article class=\"elementor-post elementor-grid-item post-1502 post type-post status-publish format-standard has-post-thumbnail hentry category-apartments-en\" role=\"listitem\">\n\t\t\t\t<a class=\"elementor-post__thumbnail__link\" href=\"https:\/\/www.mountain-apart.at\/en\/hochkonig-card-partner\/\" tabindex=\"-1\" >\n\t\t\t<div class=\"elementor-post__thumbnail\"><img fetchpriority=\"high\" decoding=\"async\" width=\"500\" height=\"500\" src=\"https:\/\/www.mountain-apart.at\/wp-content\/uploads\/2019\/12\/hochkoenigcard-klein.jpg\" class=\"attachment-medium size-medium wp-image-4969\" alt=\"\" srcset=\"https:\/\/www.mountain-apart.at\/wp-content\/uploads\/2019\/12\/hochkoenigcard-klein.jpg 500w, https:\/\/www.mountain-apart.at\/wp-content\/uploads\/2019\/12\/hochkoenigcard-klein-300x300.jpg 300w, https:\/\/www.mountain-apart.at\/wp-content\/uploads\/2019\/12\/hochkoenigcard-klein-100x100.jpg 100w\" sizes=\"(max-width: 500px) 100vw, 500px\" \/><\/div>\n\t\t<\/a>\n\t\t\t\t<div class=\"elementor-post__text\">\n\t\t\t\t<h3 class=\"elementor-post__title\">\n\t\t\t<a href=\"https:\/\/www.mountain-apart.at\/en\/hochkonig-card-partner\/\" >\n\t\t\t\tHochk\u00f6nig-Card-Partner\t\t\t<\/a>\n\t\t<\/h3>\n\t\t\t\t<div class=\"elementor-post__excerpt\">\n\t\t\t<p>The following apartments are Hochk\u00f6nig-Card partners:<br \/>\n<br \/>\n<i class=\"fas fa-check\"><\/i>&nbsp;&nbsp;Apartments A2<br \/>\n<i class=\"fas fa-check\"><\/i>&nbsp;&nbsp;Apartments B1<br \/>\n<i class=\"fas fa-check\"><\/i>&nbsp;&nbsp;Holiday flat Simonhof<\/p>\n\t\t<\/div>\n\t\t\n\t\t<a class=\"elementor-post__read-more\" href=\"https:\/\/www.mountain-apart.at\/en\/hochkonig-card-partner\/\" aria-label=\"Read more about Hochk\u00f6nig-Card-Partner\" tabindex=\"-1\" >\n\t\t\tMore details\t\t<\/a>\n\n\t\t\t\t<\/div>\n\t\t\t\t<\/article>\n\t\t\t\t<article class=\"elementor-post elementor-grid-item post-1607 post type-post status-publish format-standard has-post-thumbnail hentry category-apartments-en\" role=\"listitem\">\n\t\t\t\t<a class=\"elementor-post__thumbnail__link\" href=\"https:\/\/www.mountain-apart.at\/en\/mountain-apart-hochkoenig-apartment-a2\/\" tabindex=\"-1\" >\n\t\t\t<div class=\"elementor-post__thumbnail\"><img decoding=\"async\" width=\"600\" height=\"400\" src=\"https:\/\/www.mountain-apart.at\/wp-content\/uploads\/2019\/11\/Mountain-Apart-Hochk\u00f6nig-Apartment-A-2_6-compressor-600x400.jpg\" class=\"attachment-medium size-medium wp-image-608\" alt=\"Mountain Apart Hochk\u00f6nig | Apartment A2\" srcset=\"https:\/\/www.mountain-apart.at\/wp-content\/uploads\/2019\/11\/Mountain-Apart-Hochk\u00f6nig-Apartment-A-2_6-compressor-600x400.jpg 600w, https:\/\/www.mountain-apart.at\/wp-content\/uploads\/2019\/11\/Mountain-Apart-Hochk\u00f6nig-Apartment-A-2_6-compressor-768x512.jpg 768w, https:\/\/www.mountain-apart.at\/wp-content\/uploads\/2019\/11\/Mountain-Apart-Hochk\u00f6nig-Apartment-A-2_6-compressor.jpg 1200w\" sizes=\"(max-width: 600px) 100vw, 600px\" \/><\/div>\n\t\t<\/a>\n\t\t\t\t<div class=\"elementor-post__text\">\n\t\t\t\t<h3 class=\"elementor-post__title\">\n\t\t\t<a href=\"https:\/\/www.mountain-apart.at\/en\/mountain-apart-hochkoenig-apartment-a2\/\" >\n\t\t\t\tMountain Apart Hochk\u00f6nig | Apartment A2\t\t\t<\/a>\n\t\t<\/h3>\n\t\t\t\t<div class=\"elementor-post__excerpt\">\n\t\t\t<p><i class=\"fas fa-user-friends\"><\/i><span>max. 7<\/span><i class=\"fas fa-bed\"><\/i> <span>3<\/span><i class=\"fas fa-expand\"><\/i><span>75m<sup>2<\/sup><\/span><\/p>\n<p>Spacious and comfortable garden apartment with large sun terrace and private sauna including 1 parking space in the underground garage.<\/p>\n<p><b>from \u20ac 140,-<\/b><\/p>\n\t\t<\/div>\n\t\t\n\t\t<a class=\"elementor-post__read-more\" href=\"https:\/\/www.mountain-apart.at\/en\/mountain-apart-hochkoenig-apartment-a2\/\" aria-label=\"Read more about Mountain Apart Hochk\u00f6nig | Apartment A2\" tabindex=\"-1\" >\n\t\t\tMore details\t\t<\/a>\n\n\t\t\t\t<\/div>\n\t\t\t\t<\/article>\n\t\t\t\t<\/div>\n\t\t\n\t\t\t\t\t\t<\/div>\n\t\t\t\t<\/div>\n\t\t\t\t<div class=\"elementor-element elementor-element-a861db3 elementor-grid-tablet-1 elementor-grid-3 elementor-grid-mobile-1 elementor-posts--thumbnail-top elementor-widget elementor-widget-posts\" data-id=\"a861db3\" data-element_type=\"widget\" data-e-type=\"widget\" id=\"apartementoverview3\" data-settings=\"{&quot;classic_row_gap&quot;:{&quot;unit&quot;:&quot;px&quot;,&quot;size&quot;:50,&quot;sizes&quot;:[]},&quot;classic_columns_tablet&quot;:&quot;1&quot;,&quot;classic_columns&quot;:&quot;3&quot;,&quot;classic_columns_mobile&quot;:&quot;1&quot;,&quot;classic_row_gap_tablet&quot;:{&quot;unit&quot;:&quot;px&quot;,&quot;size&quot;:&quot;&quot;,&quot;sizes&quot;:[]},&quot;classic_row_gap_mobile&quot;:{&quot;unit&quot;:&quot;px&quot;,&quot;size&quot;:&quot;&quot;,&quot;sizes&quot;:[]}}\" data-widget_type=\"posts.classic\">\n\t\t\t\t<div class=\"elementor-widget-container\">\n\t\t\t\t\t\t\t<div class=\"elementor-posts-container elementor-posts elementor-posts--skin-classic elementor-grid\" role=\"list\">\n\t\t\t\t<article class=\"elementor-post elementor-grid-item post-1562 post type-post status-publish format-standard has-post-thumbnail hentry category-apartments-en\" role=\"listitem\">\n\t\t\t\t<a class=\"elementor-post__thumbnail__link\" href=\"https:\/\/www.mountain-apart.at\/en\/mountain-apart-hochkonig-apartment-b3\/\" tabindex=\"-1\" >\n\t\t\t<div class=\"elementor-post__thumbnail\"><img decoding=\"async\" width=\"600\" height=\"400\" src=\"https:\/\/www.mountain-apart.at\/wp-content\/uploads\/2019\/11\/Mountain-Apart-Hochk\u00f6nig-Apartment-B-3_11-compressor-600x400.jpg\" class=\"attachment-medium size-medium wp-image-785\" alt=\"Mountain Apart Hochk\u00f6nig | Apartment B3\" srcset=\"https:\/\/www.mountain-apart.at\/wp-content\/uploads\/2019\/11\/Mountain-Apart-Hochk\u00f6nig-Apartment-B-3_11-compressor-600x400.jpg 600w, https:\/\/www.mountain-apart.at\/wp-content\/uploads\/2019\/11\/Mountain-Apart-Hochk\u00f6nig-Apartment-B-3_11-compressor-768x512.jpg 768w, https:\/\/www.mountain-apart.at\/wp-content\/uploads\/2019\/11\/Mountain-Apart-Hochk\u00f6nig-Apartment-B-3_11-compressor.jpg 1200w\" sizes=\"(max-width: 600px) 100vw, 600px\" \/><\/div>\n\t\t<\/a>\n\t\t\t\t<div class=\"elementor-post__text\">\n\t\t\t\t<h3 class=\"elementor-post__title\">\n\t\t\t<a href=\"https:\/\/www.mountain-apart.at\/en\/mountain-apart-hochkonig-apartment-b3\/\" >\n\t\t\t\tMountain Apart Hochk\u00f6nig | Apartment B3\t\t\t<\/a>\n\t\t<\/h3>\n\t\t\t\t<div class=\"elementor-post__excerpt\">\n\t\t\t<p><i class=\"fas fa-user-friends\"><\/i><span>max. 6<\/span><i class=\"fas fa-bed\"><\/i> <span>2<\/span><i class=\"fas fa-expand\"><\/i><span>80m<sup>2<\/sup><\/span><\/p>\n<p>Friendly, bright family apartment with cosy garden and private sauna, including 1 parking space in the underground garage.<\/p>\n<p><b>from \u20ac 250,-<\/b><\/p>\n\t\t<\/div>\n\t\t\n\t\t<a class=\"elementor-post__read-more\" href=\"https:\/\/www.mountain-apart.at\/en\/mountain-apart-hochkonig-apartment-b3\/\" aria-label=\"Read more about Mountain Apart Hochk\u00f6nig | Apartment B3\" tabindex=\"-1\" >\n\t\t\tMehr Details\t\t<\/a>\n\n\t\t\t\t<\/div>\n\t\t\t\t<\/article>\n\t\t\t\t<article class=\"elementor-post elementor-grid-item post-1573 post type-post status-publish format-standard has-post-thumbnail hentry category-apartments-en\" role=\"listitem\">\n\t\t\t\t<a class=\"elementor-post__thumbnail__link\" href=\"https:\/\/www.mountain-apart.at\/en\/mountain-apart-hochkoenig-apartment-b7\/\" tabindex=\"-1\" >\n\t\t\t<div class=\"elementor-post__thumbnail\"><img loading=\"lazy\" decoding=\"async\" width=\"600\" height=\"400\" src=\"https:\/\/www.mountain-apart.at\/wp-content\/uploads\/2019\/11\/Mountain-Apart-Hochk\u00f6nig-Apartment-B-7_24-compressor-600x400.jpg\" class=\"attachment-medium size-medium wp-image-722\" alt=\"Mountain Apart Hochk\u00f6nig | Apartment B7\" srcset=\"https:\/\/www.mountain-apart.at\/wp-content\/uploads\/2019\/11\/Mountain-Apart-Hochk\u00f6nig-Apartment-B-7_24-compressor-600x400.jpg 600w, https:\/\/www.mountain-apart.at\/wp-content\/uploads\/2019\/11\/Mountain-Apart-Hochk\u00f6nig-Apartment-B-7_24-compressor-768x512.jpg 768w, https:\/\/www.mountain-apart.at\/wp-content\/uploads\/2019\/11\/Mountain-Apart-Hochk\u00f6nig-Apartment-B-7_24-compressor.jpg 1200w\" sizes=\"(max-width: 600px) 100vw, 600px\" \/><\/div>\n\t\t<\/a>\n\t\t\t\t<div class=\"elementor-post__text\">\n\t\t\t\t<h3 class=\"elementor-post__title\">\n\t\t\t<a href=\"https:\/\/www.mountain-apart.at\/en\/mountain-apart-hochkoenig-apartment-b7\/\" >\n\t\t\t\tMountain Apart Hochk\u00f6nig | Apartment B7\t\t\t<\/a>\n\t\t<\/h3>\n\t\t\t\t<div class=\"elementor-post__excerpt\">\n\t\t\t<p><i class=\"fas fa-user-friends\"><\/i><span>max. 8<\/span><i class=\"fas fa-bed\"><\/i> <span>3<\/span><i class=\"fas fa-expand\"><\/i><span>130m<sup>2<\/sup><\/span><\/p>\n<p>This high-quality, spacious and comfortable holiday apartment is located in the attic with a large sunny balcony, with private sauna and whirlpool.<\/p>\n<p><b>from \u20ac 290,-<\/b><\/p>\n\t\t<\/div>\n\t\t\n\t\t<a class=\"elementor-post__read-more\" href=\"https:\/\/www.mountain-apart.at\/en\/mountain-apart-hochkoenig-apartment-b7\/\" aria-label=\"Read more about Mountain Apart Hochk\u00f6nig | Apartment B7\" tabindex=\"-1\" >\n\t\t\tMehr Details\t\t<\/a>\n\n\t\t\t\t<\/div>\n\t\t\t\t<\/article>\n\t\t\t\t<article class=\"elementor-post elementor-grid-item post-1591 post type-post status-publish format-standard has-post-thumbnail hentry category-apartments-en\" role=\"listitem\">\n\t\t\t\t<a class=\"elementor-post__thumbnail__link\" href=\"https:\/\/www.mountain-apart.at\/en\/mountain-apart-hochkoenig-apartment-b1\/\" tabindex=\"-1\" >\n\t\t\t<div class=\"elementor-post__thumbnail\"><img loading=\"lazy\" decoding=\"async\" width=\"600\" height=\"400\" src=\"https:\/\/www.mountain-apart.at\/wp-content\/uploads\/2019\/11\/Mountain-Apart-Hochk\u00f6nig-Apartment-B-1_18-compressor-600x400.jpg\" class=\"attachment-medium size-medium wp-image-666\" alt=\"Mountain Apart Hochk\u00f6nig | Apartment B1\" srcset=\"https:\/\/www.mountain-apart.at\/wp-content\/uploads\/2019\/11\/Mountain-Apart-Hochk\u00f6nig-Apartment-B-1_18-compressor-600x400.jpg 600w, https:\/\/www.mountain-apart.at\/wp-content\/uploads\/2019\/11\/Mountain-Apart-Hochk\u00f6nig-Apartment-B-1_18-compressor-768x512.jpg 768w, https:\/\/www.mountain-apart.at\/wp-content\/uploads\/2019\/11\/Mountain-Apart-Hochk\u00f6nig-Apartment-B-1_18-compressor.jpg 1200w\" sizes=\"(max-width: 600px) 100vw, 600px\" \/><\/div>\n\t\t<\/a>\n\t\t\t\t<div class=\"elementor-post__text\">\n\t\t\t\t<h3 class=\"elementor-post__title\">\n\t\t\t<a href=\"https:\/\/www.mountain-apart.at\/en\/mountain-apart-hochkoenig-apartment-b1\/\" >\n\t\t\t\tMountain Apart Hochk\u00f6nig | Apartment B1\t\t\t<\/a>\n\t\t<\/h3>\n\t\t\t\t<div class=\"elementor-post__excerpt\">\n\t\t\t<p><i class=\"fas fa-user-friends\"><\/i><span>max. 8<\/span><i class=\"fas fa-bed\"><\/i> <span>3<\/span><i class=\"fas fa-expand\"><\/i><span>130m<sup>2<\/sup><\/span><\/p>\n<p>High-quality, tastefully and comfortably furnished garden apartment with large sun terrace, private sauna and outdoor hot tub.<\/p>\n<p><b>from \u20ac 290,-<\/b><\/p>\n\t\t<\/div>\n\t\t\n\t\t<a class=\"elementor-post__read-more\" href=\"https:\/\/www.mountain-apart.at\/en\/mountain-apart-hochkoenig-apartment-b1\/\" aria-label=\"Read more about Mountain Apart Hochk\u00f6nig | Apartment B1\" tabindex=\"-1\" >\n\t\t\tMehr Details\t\t<\/a>\n\n\t\t\t\t<\/div>\n\t\t\t\t<\/article>\n\t\t\t\t<\/div>\n\t\t\n\t\t\t\t\t\t<\/div>\n\t\t\t\t<\/div>\n\t\t\t\t<div class=\"elementor-element elementor-element-1af98e4 elementor-grid-tablet-1 elementor-grid-3 elementor-grid-mobile-1 elementor-posts--thumbnail-top elementor-widget elementor-widget-posts\" data-id=\"1af98e4\" data-element_type=\"widget\" data-e-type=\"widget\" id=\"apartementoverview2\" data-settings=\"{&quot;classic_row_gap&quot;:{&quot;unit&quot;:&quot;px&quot;,&quot;size&quot;:50,&quot;sizes&quot;:[]},&quot;classic_columns_tablet&quot;:&quot;1&quot;,&quot;classic_columns&quot;:&quot;3&quot;,&quot;classic_columns_mobile&quot;:&quot;1&quot;,&quot;classic_row_gap_tablet&quot;:{&quot;unit&quot;:&quot;px&quot;,&quot;size&quot;:&quot;&quot;,&quot;sizes&quot;:[]},&quot;classic_row_gap_mobile&quot;:{&quot;unit&quot;:&quot;px&quot;,&quot;size&quot;:&quot;&quot;,&quot;sizes&quot;:[]}}\" data-widget_type=\"posts.classic\">\n\t\t\t\t<div class=\"elementor-widget-container\">\n\t\t\t\t\t\t\t<div class=\"elementor-posts-container elementor-posts elementor-posts--skin-classic elementor-grid\" role=\"list\">\n\t\t\t\t<article class=\"elementor-post elementor-grid-item post-1545 post type-post status-publish format-standard has-post-thumbnail hentry category-apartments-en\" role=\"listitem\">\n\t\t\t\t<a class=\"elementor-post__thumbnail__link\" href=\"https:\/\/www.mountain-apart.at\/en\/mountain-apart-hochkonig-apartment-a7\/\" tabindex=\"-1\" >\n\t\t\t<div class=\"elementor-post__thumbnail\"><img loading=\"lazy\" decoding=\"async\" width=\"600\" height=\"400\" src=\"https:\/\/www.mountain-apart.at\/wp-content\/uploads\/2019\/11\/Mountain-Apart-Hochk\u00f6nig-Apartment-A-7_22-compressor-600x400.jpg\" class=\"attachment-medium size-medium wp-image-827\" alt=\"Ger\u00e4umiges und sehr luxuri\u00f6ses Appartement, im Zentrum von Hinterthal, direkt am Sonnleitenlift und in der N\u00e4he der Skischule, Skigebiet Hochk\u00f6nig, Ski-Amade.\" srcset=\"https:\/\/www.mountain-apart.at\/wp-content\/uploads\/2019\/11\/Mountain-Apart-Hochk\u00f6nig-Apartment-A-7_22-compressor-600x400.jpg 600w, https:\/\/www.mountain-apart.at\/wp-content\/uploads\/2019\/11\/Mountain-Apart-Hochk\u00f6nig-Apartment-A-7_22-compressor-768x512.jpg 768w, https:\/\/www.mountain-apart.at\/wp-content\/uploads\/2019\/11\/Mountain-Apart-Hochk\u00f6nig-Apartment-A-7_22-compressor.jpg 1200w\" sizes=\"(max-width: 600px) 100vw, 600px\" \/><\/div>\n\t\t<\/a>\n\t\t\t\t<div class=\"elementor-post__text\">\n\t\t\t\t<h3 class=\"elementor-post__title\">\n\t\t\t<a href=\"https:\/\/www.mountain-apart.at\/en\/mountain-apart-hochkonig-apartment-a7\/\" >\n\t\t\t\tMountain Apart Hochk\u00f6nig | Apartment A7\t\t\t<\/a>\n\t\t<\/h3>\n\t\t\t\t<div class=\"elementor-post__excerpt\">\n\t\t\t<p><i class=\"fas fa-user-friends\"><\/i><span>max. 10<\/span><i class=\"fas fa-bed\"><\/i> <span>4<\/span><i class=\"fas fa-expand\"><\/i><span>210m<sup>2<\/sup><\/span><\/p>\n<p>Spacious and very luxurious apartment, in the centre of Hinterthal, directly at the Sonnleiten lift and close to the ski school, ski area Hochk\u00f6nig, Ski-Amade.<\/p>\n<p><b>from \u20ac 390,-<\/b><\/p>\n\t\t<\/div>\n\t\t\n\t\t<a class=\"elementor-post__read-more\" href=\"https:\/\/www.mountain-apart.at\/en\/mountain-apart-hochkonig-apartment-a7\/\" aria-label=\"Read more about Mountain Apart Hochk\u00f6nig | Apartment A7\" tabindex=\"-1\" >\n\t\t\tMehr Details\t\t<\/a>\n\n\t\t\t\t<\/div>\n\t\t\t\t<\/article>\n\t\t\t\t<article class=\"elementor-post elementor-grid-item post-1537 post type-post status-publish format-standard has-post-thumbnail hentry category-apartments-en\" role=\"listitem\">\n\t\t\t\t<a class=\"elementor-post__thumbnail__link\" href=\"https:\/\/www.mountain-apart.at\/en\/mountain-apart-hochkonig-apartment-a6\/\" tabindex=\"-1\" >\n\t\t\t<div class=\"elementor-post__thumbnail\"><img loading=\"lazy\" decoding=\"async\" width=\"600\" height=\"400\" src=\"https:\/\/www.mountain-apart.at\/wp-content\/uploads\/2019\/11\/Mountain-Apart-Hochk\u00f6nig-Apartment-A-6_9-compressor-600x400.jpg\" class=\"attachment-medium size-medium wp-image-894\" alt=\"Mountain Apart Hochk\u00f6nig | Apartment A6\" srcset=\"https:\/\/www.mountain-apart.at\/wp-content\/uploads\/2019\/11\/Mountain-Apart-Hochk\u00f6nig-Apartment-A-6_9-compressor-600x400.jpg 600w, https:\/\/www.mountain-apart.at\/wp-content\/uploads\/2019\/11\/Mountain-Apart-Hochk\u00f6nig-Apartment-A-6_9-compressor-768x512.jpg 768w, https:\/\/www.mountain-apart.at\/wp-content\/uploads\/2019\/11\/Mountain-Apart-Hochk\u00f6nig-Apartment-A-6_9-compressor.jpg 1200w\" sizes=\"(max-width: 600px) 100vw, 600px\" \/><\/div>\n\t\t<\/a>\n\t\t\t\t<div class=\"elementor-post__text\">\n\t\t\t\t<h3 class=\"elementor-post__title\">\n\t\t\t<a href=\"https:\/\/www.mountain-apart.at\/en\/mountain-apart-hochkonig-apartment-a6\/\" >\n\t\t\t\tMountain Apart Hochk\u00f6nig | Apartment A6\t\t\t<\/a>\n\t\t<\/h3>\n\t\t\t\t<div class=\"elementor-post__excerpt\">\n\t\t\t<p><i class=\"fas fa-user-friends\"><\/i><span>max. 10<\/span><i class=\"fas fa-bed\"><\/i> <span>5<\/span><i class=\"fas fa-expand\"><\/i><span>210m<sup>2<\/sup><\/span><\/p>\n<p>Spacious and very luxuriously furnished apartment in the village of Hinterthal, with a fantastic view, next to the ski slopes and ski school, in the middle of the Hochk\u00f6nig ski area, Ski Amade.<\/p>\n<p><b>from \u20ac 390,-<\/b><\/p>\n\t\t<\/div>\n\t\t\n\t\t<a class=\"elementor-post__read-more\" href=\"https:\/\/www.mountain-apart.at\/en\/mountain-apart-hochkonig-apartment-a6\/\" aria-label=\"Read more about Mountain Apart Hochk\u00f6nig | Apartment A6\" tabindex=\"-1\" >\n\t\t\tMehr Details\t\t<\/a>\n\n\t\t\t\t<\/div>\n\t\t\t\t<\/article>\n\t\t\t\t<\/div>\n\t\t\n\t\t\t\t\t\t<\/div>\n\t\t\t\t<\/div>\n\t\t\t\t\t<\/div>\n\t\t<\/div>\n\t\t\t\t\t<\/div>\n\t\t<\/div>\n\t\t\t\t<\/div>\n\t\t","protected":false},"excerpt":{"rendered":"<p>Holidays in your own apartment on the Hochk\u00f6nig in your own apartment on the Hochk\u00f6nig Our apartments at a glance Wake up in the morning, let the first rays of the sun tickle the tip of your nose and start the new day full of energy \u2013 a holiday in an apartment on the Hochk\u00f6nig &hellip; <\/p>\n<p class=\"link-more\"><a href=\"https:\/\/www.mountain-apart.at\/en\/mountain-apart-hochkonig-apartment-a6\/\" class=\"more-link\">Continue reading<span class=\"screen-reader-text\"> &#8220;Mountain Apart Hochk\u00f6nig | Apartment A6&#8221;<\/span><\/a><\/p>\n","protected":false},"author":1,"featured_media":1005,"parent":0,"menu_order":0,"comment_status":"closed","ping_status":"closed","template":"elementor_header_footer","meta":{"_seopress_robots_primary_cat":"","_seopress_titles_title":"Holiday in your own apartment at the Hochk\u00f6nig","_seopress_titles_desc":"Eight apartments on the Hochk\u00f6nig for up to ten persons with exclusive standards and charming luxury. ","_seopress_robots_index":"","footnotes":""},"class_list":["post-1389","page","type-page","status-publish","has-post-thumbnail","hentry"],"_links":{"self":[{"href":"https:\/\/www.mountain-apart.at\/en\/wp-json\/wp\/v2\/pages\/1389","targetHints":{"allow":["GET"]}}],"collection":[{"href":"https:\/\/www.mountain-apart.at\/en\/wp-json\/wp\/v2\/pages"}],"about":[{"href":"https:\/\/www.mountain-apart.at\/en\/wp-json\/wp\/v2\/types\/page"}],"author":[{"embeddable":true,"href":"https:\/\/www.mountain-apart.at\/en\/wp-json\/wp\/v2\/users\/1"}],"replies":[{"embeddable":true,"href":"https:\/\/www.mountain-apart.at\/en\/wp-json\/wp\/v2\/comments?post=1389"}],"version-history":[{"count":5,"href":"https:\/\/www.mountain-apart.at\/en\/wp-json\/wp\/v2\/pages\/1389\/revisions"}],"predecessor-version":[{"id":4954,"href":"https:\/\/www.mountain-apart.at\/en\/wp-json\/wp\/v2\/pages\/1389\/revisions\/4954"}],"wp:featuredmedia":[{"embeddable":true,"href":"https:\/\/www.mountain-apart.at\/en\/wp-json\/wp\/v2\/media\/1005"}],"wp:attachment":[{"href":"https:\/\/www.mountain-apart.at\/en\/wp-json\/wp\/v2\/media?parent=1389"}],"curies":[{"name":"wp","href":"https:\/\/api.w.org\/{rel}","templated":true}]}}